{"id":28,"date":"2025-08-29T09:52:53","date_gmt":"2025-08-29T09:52:53","guid":{"rendered":"https:\/\/schernthanner.eu\/?page_id=28"},"modified":"2025-08-29T09:52:53","modified_gmt":"2025-08-29T09:52:53","slug":"cv","status":"publish","type":"page","link":"https:\/\/schernthanner.eu\/?page_id=28","title":{"rendered":"CV"},"content":{"rendered":"<h3>Werdegang (Auswahl)<\/h3>\n<ul>\n<li><strong>seit 2018<\/strong>: Technischer Mitarbeiter, AG Geologische Fernerkundung, Universit\u00e4t Potsdam<\/li>\n<li><strong>2017\u20132018<\/strong>: Research Associate, Geological Remote Sensing Research Group, Universit\u00e4t Potsdam<\/li>\n<li><strong>2006\u20132017<\/strong>: Wissenschaftlicher Mitarbeiter, AG Geoinformation, Universit\u00e4t Potsdam (Lehre, Forschung, Projektantr\u00e4ge, Betreuung von Masterarbeiten)<\/li>\n<li><strong>2015<\/strong>: Systemadministrator, AG Geoinformatik, Universit\u00e4t Potsdam<\/li>\n<li><strong>2004\u20132005<\/strong>: GIS-Analyst, INETER Managua (Diplomarbeit im BGR-Projekt \u201eLandslide Susceptibility Mapping\u201c)<\/li>\n<li><strong>2004<\/strong>: Student Internship, Nitlapan UCA Managua \u2013 Kartographie f\u00fcr das Buch <em>El campesino finquero<\/em><\/li>\n<li><strong>1999\u20132006<\/strong>: H\u00f6hlenf\u00fchrer, Eisriesenwelt Werfen<\/li>\n<\/ul>\n<h3>Ausbildung<\/h3>\n<ul>\n<li>\n      <strong>Dr. rer. nat., Geoinformatik \u2013 Universit\u00e4t Potsdam (2009\u20132015)<\/strong><br \/>\n      <em>Magna cum laude<\/em><br \/>\n      Dissertation ver\u00f6ffentlicht bei Springer Spektrum:<br \/>\n      <em>\u201eR\u00e4umliche Analyse und Visualisierung von Mietpreisdaten\u201c<\/em><br \/>\n      Thema: Optimierung von Immobilienportalen mit Methoden der r\u00e4umlichen Statistik<br \/>\n      und des maschinellen Lernens.\n    <\/li>\n<li>\n      <strong>Mag. rer. nat. \/ Master of Science, Angewandte Geoinformatik \u2013 Universit\u00e4t Salzburg (2003\u20132005)<\/strong><br \/>\n      Note: 1,0<br \/>\n      Abschlussarbeit: <em>\u201eFuzzy logic approach for landslide susceptibility mapping, Rio Blanco (Nicaragua)\u201c<\/em><br \/>\n      Betreuung: Prof. Josef Strobl\n    <\/li>\n<li><strong>Bachelor of Science, Geographie \u2013 Universit\u00e4t Salzburg (2000\u20132003)<\/strong><\/li>\n<li><strong>California State University, Long Beach (2002)<\/strong><br \/>Joint Study Scholarship in Geoinformatics<\/li>\n<\/ul>\n<\/section>\n","protected":false},"excerpt":{"rendered":"<p>Werdegang (Auswahl) seit 2018: Technischer Mitarbeiter, AG Geologische Fernerkundung, Universit\u00e4t Potsdam 2017\u20132018: Research Associate, Geological Remote Sensing Research Group, Universit\u00e4t Potsdam 2006\u20132017: Wissenschaftlicher Mitarbeiter, AG Geoinformation, Universit\u00e4t Potsdam (Lehre, Forschung, Projektantr\u00e4ge, Betreuung von Masterarbeiten) 2015: Systemadministrator, AG Geoinformatik, Universit\u00e4t Potsdam 2004\u20132005: GIS-Analyst, INETER Managua (Diplomarbeit im BGR-Projekt \u201eLandslide Susceptibility Mapping\u201c) 2004: Student Internship, Nitlapan UCA [&hellip;]<\/p>\n","protected":false},"author":1,"featured_media":0,"parent":0,"menu_order":0,"comment_status":"closed","ping_status":"closed","template":"","meta":{"footnotes":""},"class_list":["post-28","page","type-page","status-publish","hentry"],"_links":{"self":[{"href":"https:\/\/schernthanner.eu\/index.php?rest_route=\/wp\/v2\/pages\/28","targetHints":{"allow":["GET"]}}],"collection":[{"href":"https:\/\/schernthanner.eu\/index.php?rest_route=\/wp\/v2\/pages"}],"about":[{"href":"https:\/\/schernthanner.eu\/index.php?rest_route=\/wp\/v2\/types\/page"}],"author":[{"embeddable":true,"href":"https:\/\/schernthanner.eu\/index.php?rest_route=\/wp\/v2\/users\/1"}],"replies":[{"embeddable":true,"href":"https:\/\/schernthanner.eu\/index.php?rest_route=%2Fwp%2Fv2%2Fcomments&post=28"}],"version-history":[{"count":1,"href":"https:\/\/schernthanner.eu\/index.php?rest_route=\/wp\/v2\/pages\/28\/revisions"}],"predecessor-version":[{"id":29,"href":"https:\/\/schernthanner.eu\/index.php?rest_route=\/wp\/v2\/pages\/28\/revisions\/29"}],"wp:attachment":[{"href":"https:\/\/schernthanner.eu\/index.php?rest_route=%2Fwp%2Fv2%2Fmedia&parent=28"}],"curies":[{"name":"wp","href":"https:\/\/api.w.org\/{rel}","templated":true}]}}